{"id":55,"date":"2018-05-17T20:56:06","date_gmt":"2018-05-17T20:56:06","guid":{"rendered":"https:\/\/www.dougmacnaughton.com\/site\/?page_id=55"},"modified":"2025-06-20T15:58:52","modified_gmt":"2025-06-20T19:58:52","slug":"reviews","status":"publish","type":"page","link":"https:\/\/www.dougmacnaughton.com\/site\/reviews\/","title":{"rendered":"Reviews"},"content":{"rendered":"\n<div class=\"wp-block-columns is-layout-flex wp-container-core-columns-is-layout-9d6595d7 wp-block-columns-is-layout-flex\">\n<div class=\"wp-block-column is-layout-flow wp-block-column-is-layout-flow\" style=\"flex-basis:66.66%\">\n<p>\u201cLa meilleure voix chant\u00e9e est celle du baryton Doug MacNaughton, tr\u00e8s bon comedian par ailleurs.\u201d<br><em>(&#8220;The best singing voice was that of baritone Doug MacNaughton, who was also a very good actor.&#8221;)<\/em><\/p>\n\n\n\n<p class=\"quotecred\">La Presse, Montreal \u2013 Claude Gingras<br>reviewing <em>Le Vampire et la nymphomane<\/em> by Serge Prevost performed by Chants Libres.<\/p>\n\n\n\n<p>\u201cMacNaughton was a good choice for the biblical heft required of the part, his deep baritone sturdy and unwavering.\u00a0 His emotional expression was powerful and sung with conviction, often towering over and above the full-tilt jazz ensemble and 22-voice choir.\u201d<\/p>\n\n\n\n<p class=\"quotecred\"><span class=\"small\">Kitchener-Waterloo Record \u2013 Stephen Preece<br>reviewing <em>The Light in the Wilderness<\/em> by Dave Brubeck, performed by the Elora Festival Singers.<\/span><\/p>\n\n\n\n<p>&#8220;MacNaughton used his attractive voice to embrace all of the nuances of the libretto.\u00a0 His control of Lukas&#8217; long, reflective monologue was masterful and he is a great singing actor.&#8221;<\/p>\n\n\n\n<p class=\"quotecred\"><span class=\"small\">Opera Canada &#8211; Paula Citron<br>reviewing <em>Der Corregidor<\/em> performed by TrypTych Opera. <\/span><\/p>\n\n\n\n<p><em>&#8220;Wicked brother Ben, played by expressive baritone Doug MacNaughton, is the only character who can match his sister Regina&#8217;s evil nature, and he has some of the most catchy melodies and galloping rhythms, which he delivers with power and flair.&#8221;&nbsp;&nbsp; <\/em><\/p>\n\n\n\n<p class=\"quotecred\">Grania Litwin<br>Victoria Times-Colonist, April 19th, 2008<\/p>\n\n\n\n<p>\u201cLe baryton Doug MacNaughton, en Taddeo, un poltron sympathique, est&nbsp; impayable.&nbsp; Comme chanteur, il a aussi beaucoup d\u2019esprit.&nbsp; Assez, si je ne me trompe, pour improviser tout \u00e0 coup une petite cadence \u00e0 couleur orientale.&nbsp; Ces trios ou quatre notes furent si \u00e0 propos que Rossini lui-m\u00eame les aurait sans doute appr\u00e9ci\u00e9es.\u201d<\/p>\n\n\n\n<p><em>(&#8220;The baritone Doug MacNaughton as Taddeo, a friendly coward, is priceless. As a singer, he has a tremendous spirit. Enough, if I&#8217;m not mistaken, to improvise on the spot a small cadenza of Eastern colour.&nbsp; These three or four notes were so appropriate that Rossini himself would no doubt have appreciated them.&#8221;)<\/em><\/p>\n\n\n\n<p class=\"quotecred\">Le Soleil \u2013 Richard Boisvert<br>reviewing <em>L&#8217;Italiana in Algeri<\/em> by Gioacchino Rossini performed by L&#8217;Op\u00e9ra de Qu\u00e9bec.<\/p>\n\n\n\n<p>\u201cOn se souvient encore du jeu d\u00e9sopilant de Doug MacNaughton dans <em>L&#8217;Italienne \u00e0 Algeri<\/em>, vu en Octobre sur la m\u00eame sc\u00e8ne.&nbsp; En Papageno, le baryton est encore meilleur.&nbsp; De toute l\u2019\u00e9quipe, it est certainement celui qui s\u2019investit le plus, celui qui poss\u00e8de le sens de l\u2019\u00e0-propos le plus d\u00e9velopp\u00e9.&nbsp; De puis, il chante tr\u00e8s bien.\u201d<\/p>\n\n\n\n<p><em>(&#8220;We still remember the hysterical performance of Doug MacNaughton in L&#8217;Italiana in Algeri, seen last October on the same stage.&nbsp; As Papageno, he is even better.&nbsp; Of the whole cast, it was certainly he who invested the most, he who had the most developed sense of the appropriate.&nbsp; Also, he sings very well.&#8221;)<\/em><\/p>\n\n\n\n<p class=\"quotecred\">Le Soleil \u2013 Richard Boisvert<br>reviewing <em>Die Zauberfl\u00f6te<\/em> performed by L&#8217;Op\u00e9ra de Qu\u00e9bec<\/p>\n<\/div>\n\n\n\n<div class=\"wp-block-column is-layout-flow wp-block-column-is-layout-flow\" style=\"flex-basis:33.33%\"><div class=\"wp-block-image\">\n<figure class=\"aligncenter is-resized\"><img decoding=\"async\" src=\"https:\/\/dougmacnaughton.com\/images\/vampire.jpg\" alt=\"Le Vampire\" style=\"width:347px;height:auto\"\/><figcaption class=\"wp-element-caption\">MacNaughton as Le Vampire in Le Vampire et la nymphomane with Chants Libre &#8211; Nadia Blanchette, Genevi\u00e8ve Charest, \u00c9thel Gu\u00e9ret, Albert Millaire, Fides Krucker, Pauline Vaillancourt. Photo: Yves Dub\u00e9.<\/figcaption><\/figure><\/div>\n\n<div class=\"wp-block-image\">\n<figure class=\"aligncenter is-resized\"><img decoding=\"async\" src=\"https:\/\/dougmacnaughton.com\/images\/ReginaPOV-reviews.jpg\" alt=\"Pacific Opera Victoria's April 2008 production of Regina. Left to right - Doug MacNaughton, Gregory Dahl, Kimberly Barber. Photo: Ross den Otter\" style=\"width:371px;height:auto\"\/><figcaption class=\"wp-element-caption\">Pacific Opera Victoria&#8217;s April 2008 production of Regina. Left to right &#8211; Doug MacNaughton, Gregory Dahl, Kimberly Barber. Photo: Ross den Otter<\/figcaption><\/figure><\/div>\n\n<div class=\"wp-block-image\">\n<figure class=\"aligncenter is-resized\"><img decoding=\"async\" src=\"https:\/\/dougmacnaughton.com\/images\/PapagenoQuebec.jpg\" alt=\"Papageno, Quebec Opera\" style=\"width:375px;height:auto\"\/><figcaption class=\"wp-element-caption\">Doug MacNaughton as Papageno in Die Zauberfl\u00f6te (La Fl\u00fbte enchant\u00e9e) with L&#8217;Op\u00e9ra de Qu\u00e9bec. Photo: Phototheque Le Soleil<\/figcaption><\/figure><\/div><\/div>\n<\/div>\n","protected":false},"excerpt":{"rendered":"<p>\u201cLa meilleure voix chant\u00e9e est celle du baryton Doug MacNaughton, tr\u00e8s bon comedian par ailleurs.\u201d(&#8220;The best singing voice was that of baritone Doug MacNaughton, who was also a very good actor.&#8221;) La Presse, Montreal \u2013 Claude Gingrasreviewing Le Vampire et la nymphomane by Serge Prevost performed by Chants Libres. \u201cMacNaughton was a good choice for&hellip;&nbsp;<a href=\"https:\/\/www.dougmacnaughton.com\/site\/reviews\/\" rel=\"bookmark\"><span class=\"screen-reader-text\">Reviews<\/span><\/a><\/p>\n","protected":false},"author":1,"featured_media":0,"parent":0,"menu_order":0,"comment_status":"closed","ping_status":"closed","template":"","meta":{"neve_meta_sidebar":"","neve_meta_container":"","neve_meta_enable_content_width":"","neve_meta_content_width":0,"neve_meta_title_alignment":"","neve_meta_author_avatar":"","neve_post_elements_order":"","neve_meta_disable_header":"","neve_meta_disable_footer":"","neve_meta_disable_title":"","neve_meta_reading_time":"","_themeisle_gutenberg_block_has_review":false,"footnotes":""},"class_list":["post-55","page","type-page","status-publish","hentry"],"jetpack_sharing_enabled":true,"_links":{"self":[{"href":"https:\/\/www.dougmacnaughton.com\/site\/wp-json\/wp\/v2\/pages\/55","targetHints":{"allow":["GET"]}}],"collection":[{"href":"https:\/\/www.dougmacnaughton.com\/site\/wp-json\/wp\/v2\/pages"}],"about":[{"href":"https:\/\/www.dougmacnaughton.com\/site\/wp-json\/wp\/v2\/types\/page"}],"author":[{"embeddable":true,"href":"https:\/\/www.dougmacnaughton.com\/site\/wp-json\/wp\/v2\/users\/1"}],"replies":[{"embeddable":true,"href":"https:\/\/www.dougmacnaughton.com\/site\/wp-json\/wp\/v2\/comments?post=55"}],"version-history":[{"count":10,"href":"https:\/\/www.dougmacnaughton.com\/site\/wp-json\/wp\/v2\/pages\/55\/revisions"}],"predecessor-version":[{"id":338,"href":"https:\/\/www.dougmacnaughton.com\/site\/wp-json\/wp\/v2\/pages\/55\/revisions\/338"}],"wp:attachment":[{"href":"https:\/\/www.dougmacnaughton.com\/site\/wp-json\/wp\/v2\/media?parent=55"}],"curies":[{"name":"wp","href":"https:\/\/api.w.org\/{rel}","templated":true}]}}